{"id":172,"date":"2016-04-27T11:35:57","date_gmt":"2016-04-27T09:35:57","guid":{"rendered":"https:\/\/xstore.8theme.com\/demos\/wedding\/?page_id=37"},"modified":"2022-03-30T13:17:11","modified_gmt":"2022-03-30T11:17:11","slug":"sobre-nosotros","status":"publish","type":"page","link":"https:\/\/xn--sueosdeunanovia-0qb.es\/en\/sobre-nosotros","title":{"rendered":"Sobre nosotros"},"content":{"rendered":"<div class=\"wpb-content-wrapper\"><div data-vc-full-width=\"true\" data-vc-full-width-temp=\"true\" data-vc-full-width-init=\"false\" data-vc-stretch-content=\"true\" class=\"vc_row wpb_row vc_row-fluid vc_row-o-equal-height vc_row-o-content-middle vc_row-flex et_custom_uniqid_new_62443a159a989\"><div class=\"wpb_column vc_column_container vc_col-sm-12 vc_col-lg-6 vc_col-md-6 vc_col-has-fill et_custom_uniqid_new_62443bd81b272\"><div class=\"vc_column-inner vc_custom_1648638943511\"><div class=\"wpb_wrapper\"><\/div><\/div><\/div><div class=\"wpb_column vc_column_container vc_col-sm-12 vc_col-lg-offset-1 vc_col-lg-5 vc_col-md-offset-1 vc_col-md-5 et_custom_uniqid_69e7619e1d42f\"><div class=\"vc_column-inner vc_custom_1451923051614\"><div class=\"wpb_wrapper\"><h3 style=\"font-size: 34px;text-align: left\" class=\"vc_custom_heading vc_do_custom_heading\" >Sobre nosotros<\/h3>\n\t<div class=\"wpb_text_column wpb_content_element vc_custom_1648639029665\" >\n\t\t<div class=\"wpb_wrapper\">\n\t\t\t<p>En <strong>Carmen Garc\u00eda Sue\u00f1os de una Novia<\/strong> es donde hacen realidad tu sue\u00f1o, tu historia de amor. Una de sus pasiones es vestirte para tu gran d\u00eda. Por ello, se implican desde la primera cita hasta que sales de casa vestida de novia, y les encantar\u00eda participar y formar parte de ese bonito recuerdo.<\/p>\n<p><strong>Modelos que ofrece<\/strong><\/p>\n<p>En Carmen Garc\u00eda Sue\u00f1os de una Novia disponen de un espacio \u00fanico y acogedor, donde encontrar\u00e1s una colecci\u00f3n de vestidos de novia diferentes, con estilos variados como vintage, boho, chic, rom\u00e1nticos\u2026 De las mejores firmas del mercado.<\/p>\n<p>Este equipo de profesionales sabe que la novia es la gran protagonista, que t\u00fa y tu vestido ser\u00e9is el centro de atenci\u00f3n de todas las miradas, por eso ponen toda la ilusi\u00f3n y esfuerzo para que el d\u00eda m\u00e1s importante de tu vida, luzcas el vestido de novia de tus sue\u00f1os.<\/p>\n<p>Les encantan las bodas, por eso no venden vestidos, visten a novias. Asimismo, tambi\u00e9n disponen de una amplia gama de vestidos para madrinas, fiesta y comuni\u00f3n.<\/p>\n\n\t\t<\/div>\n\t<\/div>\n\n\t<div class=\"wpb_text_column wpb_content_element\" >\n\t\t<div class=\"wpb_wrapper\">\n\t\t\t<div style=\"text-align: center;\">\n<div style=\"width: 1170px;\" class=\"wp-video\"><video class=\"wp-video-shortcode\" id=\"video-172-1\" width=\"1170\" height=\"658\" preload=\"metadata\" controls=\"controls\"><source type=\"video\/mp4\" src=\"https:\/\/xn--sueosdeunanovia-0qb.es\/wp-content\/uploads\/Video_Carmen_Garcia.mp4?_=1\" \/><a href=\"https:\/\/xn--sueosdeunanovia-0qb.es\/wp-content\/uploads\/Video_Carmen_Garcia.mp4\">https:\/\/xn--sueosdeunanovia-0qb.es\/wp-content\/uploads\/Video_Carmen_Garcia.mp4<\/a><\/video><\/div>\n<\/div>\n\n\t\t<\/div>\n\t<\/div>\n<\/div><\/div><\/div><\/div><div class=\"vc_row-full-width vc_clearfix\"><\/div><div data-vc-full-width=\"true\" data-vc-full-width-temp=\"true\" data-vc-full-width-init=\"false\" data-vc-stretch-content=\"true\" class=\"vc_row wpb_row vc_row-fluid et_custom_uniqid_new_602db1e205076\"><div class=\"wpb_column vc_column_container vc_col-sm-12 et_custom_uniqid_69e7619e1d42f\"><div class=\"vc_column-inner\"><div class=\"wpb_wrapper\"><div class=\"vc_separator wpb_content_element vc_separator_align_center vc_sep_width_100 vc_sep_pos_align_center vc_separator_no_text vc_sep_color_white wpb_content_element  wpb_content_element align-align_center align-align_center\" ><span class=\"vc_sep_holder vc_sep_holder_l\"><span class=\"vc_sep_line\"><\/span><\/span><span class=\"vc_sep_holder vc_sep_holder_r\"><span class=\"vc_sep_line\"><\/span><\/span>\n<\/div>\n<div class=\"vc_grid-container-wrapper vc_clearfix vc_grid-animation-fadeIn\">\n\t<div class=\"vc_grid-container vc_clearfix wpb_content_element vc_media_grid\" data-initial-loading-animation=\"fadeIn\" data-vc-grid-settings=\"{&quot;page_id&quot;:172,&quot;style&quot;:&quot;pagination&quot;,&quot;action&quot;:&quot;vc_get_vc_grid_data&quot;,&quot;shortcode_id&quot;:&quot;1648638999204-05f80d06-84a6-2&quot;,&quot;items_per_page&quot;:&quot;6&quot;,&quot;auto_play&quot;:false,&quot;gap&quot;:20,&quot;speed&quot;:-1000,&quot;loop&quot;:&quot;&quot;,&quot;animation_in&quot;:&quot;&quot;,&quot;animation_out&quot;:&quot;&quot;,&quot;arrows_design&quot;:&quot;none&quot;,&quot;arrows_color&quot;:&quot;blue&quot;,&quot;arrows_position&quot;:&quot;inside&quot;,&quot;paging_design&quot;:&quot;radio_dots&quot;,&quot;paging_color&quot;:&quot;grey&quot;,&quot;tag&quot;:&quot;vc_media_grid&quot;}\" data-vc-request=\"https:\/\/xn--sueosdeunanovia-0qb.es\/wp-admin\/admin-ajax.php\" data-vc-post-id=\"172\" data-vc-public-nonce=\"f26e546d31\">\n\t\t\n\t<\/div>\n<\/div><\/div><\/div><\/div><\/div><div class=\"vc_row-full-width vc_clearfix\"><\/div><div class=\"vc_row wpb_row vc_row-fluid et_custom_uniqid_69e7619e1d468\"><div class=\"wpb_column vc_column_container vc_col-sm-12 et_custom_uniqid_69e7619e1d42f\"><div class=\"vc_column-inner\"><div class=\"wpb_wrapper\">\n\t<div class=\"wpb_text_column wpb_content_element\" >\n\t\t<div class=\"wpb_wrapper\">\n\t\t\t\n\t\t<\/div>\n\t<\/div>\n<\/div><\/div><\/div><\/div>\n<\/div>","protected":false},"excerpt":{"rendered":"Sobre nosotros En Carmen Garc\u00eda Sue\u00f1os de una Novia es donde hacen realidad tu sue\u00f1o, tu historia de amor. Una de sus pasiones es vestirte...","protected":false},"author":2,"featured_media":0,"parent":0,"menu_order":0,"comment_status":"closed","ping_status":"closed","template":"","meta":{"footnotes":""},"class_list":["post-172","page","type-page","status-publish","hentry"],"yoast_head":"<!-- This site is optimized with the Yoast SEO plugin v27.4 - https:\/\/yoast.com\/product\/yoast-seo-wordpress\/ -->\n<title>Sobre nosotros - Sue\u00f1os de una novia - Carmen Garc\u00eda<\/title>\n<meta name=\"robots\" content=\"index, follow, max-snippet:-1, max-image-preview:large, max-video-preview:-1\" \/>\n<link rel=\"canonical\" href=\"https:\/\/xn--sueosdeunanovia-0qb.es\/en\/sobre-nosotros\/\" \/>\n<meta property=\"og:locale\" content=\"en_GB\" \/>\n<meta property=\"og:type\" content=\"article\" \/>\n<meta property=\"og:title\" content=\"Sobre nosotros - Sue\u00f1os de una novia - Carmen Garc\u00eda\" \/>\n<meta property=\"og:url\" content=\"https:\/\/xn--sueosdeunanovia-0qb.es\/en\/sobre-nosotros\/\" \/>\n<meta property=\"og:site_name\" content=\"Sue\u00f1os de una novia - Carmen Garc\u00eda\" \/>\n<meta property=\"article:publisher\" content=\"https:\/\/www.facebook.com\/Carmen-Garca-Sueos-de-una-Novia-103739948376295\" \/>\n<meta property=\"article:modified_time\" content=\"2022-03-30T11:17:11+00:00\" \/>\n<meta name=\"twitter:card\" content=\"summary_large_image\" \/>\n<meta name=\"twitter:label1\" content=\"Estimated reading time\" \/>\n\t<meta name=\"twitter:data1\" content=\"2 minutes\" \/>\n<script type=\"application\/ld+json\" class=\"yoast-schema-graph\">{\"@context\":\"https:\\\/\\\/schema.org\",\"@graph\":[{\"@type\":\"WebPage\",\"@id\":\"https:\\\/\\\/xn--sueosdeunanovia-0qb.es\\\/sobre-nosotros\",\"url\":\"https:\\\/\\\/xn--sueosdeunanovia-0qb.es\\\/sobre-nosotros\",\"name\":\"Sobre nosotros - Sue\u00f1os de una novia - Carmen Garc\u00eda\",\"isPartOf\":{\"@id\":\"https:\\\/\\\/xn--sueosdeunanovia-0qb.es\\\/#website\"},\"datePublished\":\"2016-04-27T09:35:57+00:00\",\"dateModified\":\"2022-03-30T11:17:11+00:00\",\"breadcrumb\":{\"@id\":\"https:\\\/\\\/xn--sueosdeunanovia-0qb.es\\\/sobre-nosotros#breadcrumb\"},\"inLanguage\":\"en-GB\",\"potentialAction\":[{\"@type\":\"ReadAction\",\"target\":[\"https:\\\/\\\/xn--sueosdeunanovia-0qb.es\\\/sobre-nosotros\"]}]},{\"@type\":\"BreadcrumbList\",\"@id\":\"https:\\\/\\\/xn--sueosdeunanovia-0qb.es\\\/sobre-nosotros#breadcrumb\",\"itemListElement\":[{\"@type\":\"ListItem\",\"position\":1,\"name\":\"Portada\",\"item\":\"https:\\\/\\\/xn--sueosdeunanovia-0qb.es\\\/\"},{\"@type\":\"ListItem\",\"position\":2,\"name\":\"Sobre nosotros\"}]},{\"@type\":\"WebSite\",\"@id\":\"https:\\\/\\\/xn--sueosdeunanovia-0qb.es\\\/#website\",\"url\":\"https:\\\/\\\/xn--sueosdeunanovia-0qb.es\\\/\",\"name\":\"Sue\u00f1os de una novia - Carmen Garc\u00eda\",\"description\":\"Tu tienda de trajes de novia, fiesta, comuni\u00f3n en la zona sierra Oeste de Madrid\",\"publisher\":{\"@id\":\"https:\\\/\\\/xn--sueosdeunanovia-0qb.es\\\/#organization\"},\"potentialAction\":[{\"@type\":\"SearchAction\",\"target\":{\"@type\":\"EntryPoint\",\"urlTemplate\":\"https:\\\/\\\/xn--sueosdeunanovia-0qb.es\\\/?s={search_term_string}\"},\"query-input\":{\"@type\":\"PropertyValueSpecification\",\"valueRequired\":true,\"valueName\":\"search_term_string\"}}],\"inLanguage\":\"en-GB\"},{\"@type\":\"Organization\",\"@id\":\"https:\\\/\\\/xn--sueosdeunanovia-0qb.es\\\/#organization\",\"name\":\"Sue\u00f1os de una novia - Carmen Garc\u00eda\",\"url\":\"https:\\\/\\\/xn--sueosdeunanovia-0qb.es\\\/\",\"logo\":{\"@type\":\"ImageObject\",\"inLanguage\":\"en-GB\",\"@id\":\"https:\\\/\\\/xn--sueosdeunanovia-0qb.es\\\/#\\\/schema\\\/logo\\\/image\\\/\",\"url\":\"https:\\\/\\\/xn--sueosdeunanovia-0qb.es\\\/wp-content\\\/uploads\\\/2016\\\/05\\\/logo-suenos-novia-web.jpg\",\"contentUrl\":\"https:\\\/\\\/xn--sueosdeunanovia-0qb.es\\\/wp-content\\\/uploads\\\/2016\\\/05\\\/logo-suenos-novia-web.jpg\",\"width\":2361,\"height\":1347,\"caption\":\"Sue\u00f1os de una novia - Carmen Garc\u00eda\"},\"image\":{\"@id\":\"https:\\\/\\\/xn--sueosdeunanovia-0qb.es\\\/#\\\/schema\\\/logo\\\/image\\\/\"},\"sameAs\":[\"https:\\\/\\\/www.facebook.com\\\/Carmen-Garca-Sueos-de-una-Novia-103739948376295\",\"https:\\\/\\\/www.instagram.com\\\/carmengarciasuenosdeunanovia\"]}]}<\/script>\n<!-- \/ Yoast SEO plugin. -->","yoast_head_json":{"title":"Sobre nosotros - Sue\u00f1os de una novia - Carmen Garc\u00eda","robots":{"index":"index","follow":"follow","max-snippet":"max-snippet:-1","max-image-preview":"max-image-preview:large","max-video-preview":"max-video-preview:-1"},"canonical":"https:\/\/xn--sueosdeunanovia-0qb.es\/en\/sobre-nosotros\/","og_locale":"en_GB","og_type":"article","og_title":"Sobre nosotros - Sue\u00f1os de una novia - Carmen Garc\u00eda","og_url":"https:\/\/xn--sueosdeunanovia-0qb.es\/en\/sobre-nosotros\/","og_site_name":"Sue\u00f1os de una novia - Carmen Garc\u00eda","article_publisher":"https:\/\/www.facebook.com\/Carmen-Garca-Sueos-de-una-Novia-103739948376295","article_modified_time":"2022-03-30T11:17:11+00:00","twitter_card":"summary_large_image","twitter_misc":{"Estimated reading time":"2 minutes"},"schema":{"@context":"https:\/\/schema.org","@graph":[{"@type":"WebPage","@id":"https:\/\/xn--sueosdeunanovia-0qb.es\/sobre-nosotros","url":"https:\/\/xn--sueosdeunanovia-0qb.es\/sobre-nosotros","name":"Sobre nosotros - Sue\u00f1os de una novia - Carmen Garc\u00eda","isPartOf":{"@id":"https:\/\/xn--sueosdeunanovia-0qb.es\/#website"},"datePublished":"2016-04-27T09:35:57+00:00","dateModified":"2022-03-30T11:17:11+00:00","breadcrumb":{"@id":"https:\/\/xn--sueosdeunanovia-0qb.es\/sobre-nosotros#breadcrumb"},"inLanguage":"en-GB","potentialAction":[{"@type":"ReadAction","target":["https:\/\/xn--sueosdeunanovia-0qb.es\/sobre-nosotros"]}]},{"@type":"BreadcrumbList","@id":"https:\/\/xn--sueosdeunanovia-0qb.es\/sobre-nosotros#breadcrumb","itemListElement":[{"@type":"ListItem","position":1,"name":"Portada","item":"https:\/\/xn--sueosdeunanovia-0qb.es\/"},{"@type":"ListItem","position":2,"name":"Sobre nosotros"}]},{"@type":"WebSite","@id":"https:\/\/xn--sueosdeunanovia-0qb.es\/#website","url":"https:\/\/xn--sueosdeunanovia-0qb.es\/","name":"Sue\u00f1os de una novia - Carmen Garc\u00eda","description":"Tu tienda de trajes de novia, fiesta, comuni\u00f3n en la zona sierra Oeste de Madrid","publisher":{"@id":"https:\/\/xn--sueosdeunanovia-0qb.es\/#organization"},"potentialAction":[{"@type":"SearchAction","target":{"@type":"EntryPoint","urlTemplate":"https:\/\/xn--sueosdeunanovia-0qb.es\/?s={search_term_string}"},"query-input":{"@type":"PropertyValueSpecification","valueRequired":true,"valueName":"search_term_string"}}],"inLanguage":"en-GB"},{"@type":"Organization","@id":"https:\/\/xn--sueosdeunanovia-0qb.es\/#organization","name":"Sue\u00f1os de una novia - Carmen Garc\u00eda","url":"https:\/\/xn--sueosdeunanovia-0qb.es\/","logo":{"@type":"ImageObject","inLanguage":"en-GB","@id":"https:\/\/xn--sueosdeunanovia-0qb.es\/#\/schema\/logo\/image\/","url":"https:\/\/xn--sueosdeunanovia-0qb.es\/wp-content\/uploads\/2016\/05\/logo-suenos-novia-web.jpg","contentUrl":"https:\/\/xn--sueosdeunanovia-0qb.es\/wp-content\/uploads\/2016\/05\/logo-suenos-novia-web.jpg","width":2361,"height":1347,"caption":"Sue\u00f1os de una novia - Carmen Garc\u00eda"},"image":{"@id":"https:\/\/xn--sueosdeunanovia-0qb.es\/#\/schema\/logo\/image\/"},"sameAs":["https:\/\/www.facebook.com\/Carmen-Garca-Sueos-de-una-Novia-103739948376295","https:\/\/www.instagram.com\/carmengarciasuenosdeunanovia"]}]}},"_links":{"self":[{"href":"https:\/\/xn--sueosdeunanovia-0qb.es\/en\/wp-json\/wp\/v2\/pages\/172","targetHints":{"allow":["GET"]}}],"collection":[{"href":"https:\/\/xn--sueosdeunanovia-0qb.es\/en\/wp-json\/wp\/v2\/pages"}],"about":[{"href":"https:\/\/xn--sueosdeunanovia-0qb.es\/en\/wp-json\/wp\/v2\/types\/page"}],"author":[{"embeddable":true,"href":"https:\/\/xn--sueosdeunanovia-0qb.es\/en\/wp-json\/wp\/v2\/users\/2"}],"replies":[{"embeddable":true,"href":"https:\/\/xn--sueosdeunanovia-0qb.es\/en\/wp-json\/wp\/v2\/comments?post=172"}],"version-history":[{"count":32,"href":"https:\/\/xn--sueosdeunanovia-0qb.es\/en\/wp-json\/wp\/v2\/pages\/172\/revisions"}],"predecessor-version":[{"id":6042,"href":"https:\/\/xn--sueosdeunanovia-0qb.es\/en\/wp-json\/wp\/v2\/pages\/172\/revisions\/6042"}],"wp:attachment":[{"href":"https:\/\/xn--sueosdeunanovia-0qb.es\/en\/wp-json\/wp\/v2\/media?parent=172"}],"curies":[{"name":"wp","href":"https:\/\/api.w.org\/{rel}","templated":true}]}}