{"id":175,"date":"2016-04-27T11:36:29","date_gmt":"2016-04-27T09:36:29","guid":{"rendered":"https:\/\/xstore.8theme.com\/demos\/wedding\/?page_id=43"},"modified":"2026-01-18T04:02:29","modified_gmt":"2026-01-18T03:02:29","slug":"contacto","status":"publish","type":"page","link":"https:\/\/xn--sueosdeunanovia-0qb.es\/en\/contacto","title":{"rendered":"Contacto"},"content":{"rendered":"<div class=\"wpb-content-wrapper\"><div class=\"vc_row wpb_row vc_row-fluid et_custom_uniqid_69e74743a1315\"><div class=\"wpb_column vc_column_container vc_col-sm-8 et_custom_uniqid_69e74743a12df\"><div class=\"vc_column-inner\"><div class=\"wpb_wrapper\">\n<div class=\"wpcf7 no-js\" id=\"wpcf7-f4435-o1\" lang=\"en-US\" dir=\"ltr\" data-wpcf7-id=\"4435\">\n<div class=\"screen-reader-response\"><p role=\"status\" aria-live=\"polite\" aria-atomic=\"true\"><\/p> <ul><\/ul><\/div>\n<form action=\"\/en\/wp-json\/wp\/v2\/pages\/175#wpcf7-f4435-o1\" method=\"post\" class=\"wpcf7-form init wpcf7-acceptance-as-validation\" aria-label=\"Contact form\" novalidate=\"novalidate\" data-status=\"init\">\n<fieldset class=\"hidden-fields-container\"><input type=\"hidden\" name=\"_wpcf7\" value=\"4435\" \/><input type=\"hidden\" name=\"_wpcf7_version\" value=\"6.1.5\" \/><input type=\"hidden\" name=\"_wpcf7_locale\" value=\"en_US\" \/><input type=\"hidden\" name=\"_wpcf7_unit_tag\" value=\"wpcf7-f4435-o1\" \/><input type=\"hidden\" name=\"_wpcf7_container_post\" value=\"0\" \/><input type=\"hidden\" name=\"_wpcf7_posted_data_hash\" value=\"\" \/>\n<\/fieldset>\n<div class=\"form-group\">\n\t<p><label>Nombre (obligatorio)<\/label><br \/>\n<span class=\"wpcf7-form-control-wrap\" data-name=\"your-name\"><input size=\"40\" maxlength=\"400\" class=\"wpcf7-form-control wpcf7-text wpcf7-validates-as-required\" aria-required=\"true\" aria-invalid=\"false\" value=\"\" type=\"text\" name=\"your-name\" \/><\/span>\n\t<\/p>\n\t<p><label>Apellidos (obligatorio)<\/label><br \/>\n<span class=\"wpcf7-form-control-wrap\" data-name=\"your-name\"><input size=\"40\" maxlength=\"400\" class=\"wpcf7-form-control wpcf7-text wpcf7-validates-as-required\" aria-required=\"true\" aria-invalid=\"false\" value=\"\" type=\"text\" name=\"your-name\" \/><\/span>\n\t<\/p>\n<\/div>\n<div class=\"form-group\">\n\t<p><label>Email (obligatorio)<\/label><br \/>\n<span class=\"wpcf7-form-control-wrap\" data-name=\"your-email\"><input size=\"40\" maxlength=\"400\" class=\"wpcf7-form-control wpcf7-email wpcf7-validates-as-required wpcf7-text wpcf7-validates-as-email\" aria-required=\"true\" aria-invalid=\"false\" value=\"\" type=\"email\" name=\"your-email\" \/><\/span>\n\t<\/p>\n\t<p><label>Tel\u00e9fono<\/label><br \/>\n<span class=\"wpcf7-form-control-wrap\" data-name=\"your-phone\"><input size=\"40\" maxlength=\"400\" class=\"wpcf7-form-control wpcf7-text\" aria-invalid=\"false\" value=\"\" type=\"text\" name=\"your-phone\" \/><\/span>\n\t<\/p>\n<\/div>\n<p><br \/>\n<label>Mensaje<\/label><br \/>\n<span class=\"wpcf7-form-control-wrap\" data-name=\"your-message\"><textarea cols=\"40\" rows=\"10\" maxlength=\"2000\" class=\"wpcf7-form-control wpcf7-textarea\" aria-invalid=\"false\" name=\"your-message\"><\/textarea><\/span>\n<\/p>\n<p><br \/>\nIntroduce este c\u00f3digo: <input type=\"hidden\" name=\"_wpcf7_captcha_challenge_captcha-170\" value=\"1904431882\" \/><img decoding=\"async\" class=\"wpcf7-form-control wpcf7-captchac wpcf7-captcha-captcha-170\" width=\"72\" height=\"24\" alt=\"captcha\" src=\"https:\/\/xn--sueosdeunanovia-0qb.es\/wp-content\/uploads\/wpcf7_captcha\/1904431882.png\" \/><br \/>\n<span class=\"wpcf7-form-control-wrap\" data-name=\"captcha-170\"><input size=\"4\" maxlength=\"4\" class=\"wpcf7-form-control wpcf7-captchar\" autocomplete=\"off\" aria-invalid=\"false\" value=\"\" type=\"text\" name=\"captcha-170\" \/><\/span>\n<\/p>\n<p><br \/>\n<span class=\"wpcf7-form-control-wrap\" data-name=\"term_and_conditions\"><span class=\"wpcf7-form-control wpcf7-acceptance\"><span class=\"wpcf7-list-item\"><label><input type=\"checkbox\" name=\"term_and_conditions\" value=\"1\" class=\"required\" aria-invalid=\"false\" \/><span class=\"wpcf7-list-item-label\">Estoy de acuerdo con la <a href=\"https:\/\/xn--sueosdeunanovia-0qb.es\/politica-de-privacidad\" target=\"_blank\">pol\u00edtica de privacidad<\/a>.<\/span><\/label><\/span><\/span><\/span>\n<\/p>\n<p><input class=\"wpcf7-form-control wpcf7-submit has-spinner\" type=\"submit\" value=\"Enviar mensaje\" \/>\n<\/p><div class=\"wpcf7-response-output\" aria-hidden=\"true\"><\/div>\n<\/form>\n<\/div>\n<\/div><\/div><\/div><div class=\"wpb_column vc_column_container vc_col-sm-4 et_custom_uniqid_69e74743a12df\"><div class=\"vc_column-inner\"><div class=\"wpb_wrapper\"><h2 style=\"font-size: 24px;color: #1a1a1a;line-height: 30px;text-align: left\" class=\"vc_custom_heading vc_do_custom_heading\" >Pide ya tu cita<\/h2>\n\t<div class=\"wpb_text_column wpb_content_element vc_custom_1611759210438\" >\n\t\t<div class=\"wpb_wrapper\">\n\t\t\t<p>Si deseas m\u00e1s o informaci\u00f3n o pedir cita previa, no dudes en ponerte en contacto con nosotros.<\/p>\n\n\t\t<\/div>\n\t<\/div>\n\n\t<div class=\"wpb_text_column wpb_content_element vc_custom_1613606416933\" >\n\t\t<div class=\"wpb_wrapper\">\n\t\t\t<p>Calle Ca\u00f1ada, 2 B<br \/>\n28620 Aldea del Fresno (Madrid)<br \/>\nTel: +34 609 28 27 34<br \/>\nEmail: <a href=\"mailto:carmengarcia@suenosdeunanovia.com\">carmengarcia@suenosdeunanovia.com<\/a><br \/>\n<span class=\"active\">www.sue\u00f1osdeunanovia.es<\/span><\/p>\n\n\t\t<\/div>\n\t<\/div>\n<div class=\"wpb_gallery wpb_content_element vc_clearfix wpb_content_element\" ><div class=\"wpb_wrapper\"><div class=\"wpb_gallery_slides wpb_flexslider flexslider_fade flexslider\" data-interval=\"3\" data-flex_fx=\"fade\"><ul class=\"slides\"><li><a class=\"\" href=\"https:\/\/xn--sueosdeunanovia-0qb.es\/wp-content\/uploads\/2021\/02\/IMG-20210203-WA0002-1024x576.jpg\" data-lightbox=\"lightbox[rel-175-2427019935]\"><img decoding=\"async\" class=\"\" src=\"https:\/\/xn--sueosdeunanovia-0qb.es\/wp-content\/uploads\/2021\/02\/IMG-20210203-WA0002-350x350.jpg\" width=\"350\" height=\"350\" alt=\"IMG-20210203-WA0002\" title=\"IMG-20210203-WA0002\" \/><\/a><\/li><li><a class=\"\" href=\"https:\/\/xn--sueosdeunanovia-0qb.es\/wp-content\/uploads\/2022\/03\/Foto_10-1024x683.jpg\" data-lightbox=\"lightbox[rel-175-2427019935]\"><img decoding=\"async\" class=\"\" src=\"https:\/\/xn--sueosdeunanovia-0qb.es\/wp-content\/uploads\/2022\/03\/Foto_10-scaled-350x350.jpg\" width=\"350\" height=\"350\" alt=\"Carmen Sue\u00f1os de una Novia\" title=\"Carmen Sue\u00f1os de una Novia\" \/><\/a><\/li><li><a class=\"\" href=\"https:\/\/xn--sueosdeunanovia-0qb.es\/wp-content\/uploads\/2022\/03\/Foto_6-1024x543.jpg\" data-lightbox=\"lightbox[rel-175-2427019935]\"><img decoding=\"async\" class=\"\" src=\"https:\/\/xn--sueosdeunanovia-0qb.es\/wp-content\/uploads\/2022\/03\/Foto_6-scaled-350x350.jpg\" width=\"350\" height=\"350\" alt=\"Carmen Sue\u00f1os de una Novia\" title=\"Carmen Sue\u00f1os de una Novia\" \/><\/a><\/li><li><a class=\"\" href=\"https:\/\/xn--sueosdeunanovia-0qb.es\/wp-content\/uploads\/2022\/03\/Foto_7-1024x621.jpg\" data-lightbox=\"lightbox[rel-175-2427019935]\"><img decoding=\"async\" class=\"\" src=\"https:\/\/xn--sueosdeunanovia-0qb.es\/wp-content\/uploads\/2022\/03\/Foto_7-scaled-350x350.jpg\" width=\"350\" height=\"350\" alt=\"Carmen Sue\u00f1os de una Novia\" title=\"Carmen Sue\u00f1os de una Novia\" \/><\/a><\/li><li><a class=\"\" href=\"https:\/\/xn--sueosdeunanovia-0qb.es\/wp-content\/uploads\/2022\/03\/Foto_3-1024x466.jpg\" data-lightbox=\"lightbox[rel-175-2427019935]\"><img decoding=\"async\" class=\"\" src=\"https:\/\/xn--sueosdeunanovia-0qb.es\/wp-content\/uploads\/2022\/03\/Foto_3-scaled-350x350.jpg\" width=\"350\" height=\"350\" alt=\"Carmen Sue\u00f1os de una Novia\" title=\"Carmen Sue\u00f1os de una Novia\" \/><\/a><\/li><li><a class=\"\" href=\"https:\/\/xn--sueosdeunanovia-0qb.es\/wp-content\/uploads\/2022\/03\/Foto_4-1024x683.jpg\" data-lightbox=\"lightbox[rel-175-2427019935]\"><img decoding=\"async\" class=\"\" src=\"https:\/\/xn--sueosdeunanovia-0qb.es\/wp-content\/uploads\/2022\/03\/Foto_4-scaled-350x350.jpg\" width=\"350\" height=\"350\" alt=\"Carmen Sue\u00f1os de una Novia\" title=\"Carmen Sue\u00f1os de una Novia\" \/><\/a><\/li><\/ul><\/div><\/div><\/div><\/div><\/div><\/div><\/div><div class=\"vc_row wpb_row vc_row-fluid et_custom_uniqid_69e74743a1315\"><div class=\"wpb_column vc_column_container vc_col-sm-12 et_custom_uniqid_69e74743a12df\"><div class=\"vc_column-inner\"><div class=\"wpb_wrapper\"><div class=\"vc_separator wpb_content_element vc_separator_align_center vc_sep_width_100 vc_sep_pos_align_center vc_separator_no_text vc_sep_color_white wpb_content_element  wpb_content_element align-align_center align-align_center\" ><span class=\"vc_sep_holder vc_sep_holder_l\"><span class=\"vc_sep_line\"><\/span><\/span><span class=\"vc_sep_holder vc_sep_holder_r\"><span class=\"vc_sep_line\"><\/span><\/span>\n<\/div><\/div><\/div><\/div><\/div><div class=\"vc_row wpb_row vc_row-fluid et_custom_uniqid_69e74743a1315\"><div class=\"wpb_column vc_column_container vc_col-sm-12 et_custom_uniqid_69e74743a12df\"><div class=\"vc_column-inner\"><div class=\"wpb_wrapper\"><div class=\"wpb_gmaps_widget wpb_content_element vc_map_responsive\"><div class=\"wpb_wrapper\"><div class=\"wpb_map_wraper\"><iframe loading=\"lazy\" src=\"https:\/\/maps.google.com\/maps?q=Carmen%20Garc%C3%ADa%20Sue%C3%B1os%20de%20una%20Novia&#038;t=m&#038;z=10&#038;output=embed&#038;iwloc=near\" title=\"Carmen Garc\u00eda Sue\u00f1os de una Novia\" aria-label=\"Carmen Garc\u00eda Sue\u00f1os de una Novia\" ><\/iframe><\/div><\/div><\/div><\/div><\/div><\/div><\/div>\n<\/div>","protected":false},"excerpt":{"rendered":"Nombre (obligatorio) Apellidos (obligatorio) Email (obligatorio) Tel\u00e9fono Mensaje Introduce este c\u00f3digo: Estoy de acuerdo con la pol\u00edtica de privacidad. Pide ya tu cita Si deseas...","protected":false},"author":2,"featured_media":0,"parent":0,"menu_order":0,"comment_status":"closed","ping_status":"closed","template":"","meta":{"footnotes":""},"class_list":["post-175","page","type-page","status-publish","hentry"],"yoast_head":"<!-- This site is optimized with the Yoast SEO plugin v27.4 - https:\/\/yoast.com\/product\/yoast-seo-wordpress\/ -->\n<title>Contacto - Sue\u00f1os de una novia - Carmen Garc\u00eda<\/title>\n<meta name=\"robots\" content=\"index, follow, max-snippet:-1, max-image-preview:large, max-video-preview:-1\" \/>\n<link rel=\"canonical\" href=\"https:\/\/xn--sueosdeunanovia-0qb.es\/en\/contacto\/\" \/>\n<meta property=\"og:locale\" content=\"en_GB\" \/>\n<meta property=\"og:type\" content=\"article\" \/>\n<meta property=\"og:title\" content=\"Contacto - Sue\u00f1os de una novia - Carmen Garc\u00eda\" \/>\n<meta property=\"og:url\" content=\"https:\/\/xn--sueosdeunanovia-0qb.es\/en\/contacto\/\" \/>\n<meta property=\"og:site_name\" content=\"Sue\u00f1os de una novia - Carmen Garc\u00eda\" \/>\n<meta property=\"article:publisher\" content=\"https:\/\/www.facebook.com\/Carmen-Garca-Sueos-de-una-Novia-103739948376295\" \/>\n<meta property=\"article:modified_time\" content=\"2026-01-18T03:02:29+00:00\" \/>\n<meta name=\"twitter:card\" content=\"summary_large_image\" \/>\n<meta name=\"twitter:label1\" content=\"Estimated reading time\" \/>\n\t<meta name=\"twitter:data1\" content=\"2 minutes\" \/>\n<script type=\"application\/ld+json\" class=\"yoast-schema-graph\">{\"@context\":\"https:\\\/\\\/schema.org\",\"@graph\":[{\"@type\":\"WebPage\",\"@id\":\"https:\\\/\\\/xn--sueosdeunanovia-0qb.es\\\/contacto\",\"url\":\"https:\\\/\\\/xn--sueosdeunanovia-0qb.es\\\/contacto\",\"name\":\"Contacto - Sue\u00f1os de una novia - Carmen Garc\u00eda\",\"isPartOf\":{\"@id\":\"https:\\\/\\\/xn--sueosdeunanovia-0qb.es\\\/#website\"},\"datePublished\":\"2016-04-27T09:36:29+00:00\",\"dateModified\":\"2026-01-18T03:02:29+00:00\",\"breadcrumb\":{\"@id\":\"https:\\\/\\\/xn--sueosdeunanovia-0qb.es\\\/contacto#breadcrumb\"},\"inLanguage\":\"en-GB\",\"potentialAction\":[{\"@type\":\"ReadAction\",\"target\":[\"https:\\\/\\\/xn--sueosdeunanovia-0qb.es\\\/contacto\"]}]},{\"@type\":\"BreadcrumbList\",\"@id\":\"https:\\\/\\\/xn--sueosdeunanovia-0qb.es\\\/contacto#breadcrumb\",\"itemListElement\":[{\"@type\":\"ListItem\",\"position\":1,\"name\":\"Portada\",\"item\":\"https:\\\/\\\/xn--sueosdeunanovia-0qb.es\\\/\"},{\"@type\":\"ListItem\",\"position\":2,\"name\":\"Contacto\"}]},{\"@type\":\"WebSite\",\"@id\":\"https:\\\/\\\/xn--sueosdeunanovia-0qb.es\\\/#website\",\"url\":\"https:\\\/\\\/xn--sueosdeunanovia-0qb.es\\\/\",\"name\":\"Sue\u00f1os de una novia - Carmen Garc\u00eda\",\"description\":\"Tu tienda de trajes de novia, fiesta, comuni\u00f3n en la zona sierra Oeste de Madrid\",\"publisher\":{\"@id\":\"https:\\\/\\\/xn--sueosdeunanovia-0qb.es\\\/#organization\"},\"potentialAction\":[{\"@type\":\"SearchAction\",\"target\":{\"@type\":\"EntryPoint\",\"urlTemplate\":\"https:\\\/\\\/xn--sueosdeunanovia-0qb.es\\\/?s={search_term_string}\"},\"query-input\":{\"@type\":\"PropertyValueSpecification\",\"valueRequired\":true,\"valueName\":\"search_term_string\"}}],\"inLanguage\":\"en-GB\"},{\"@type\":\"Organization\",\"@id\":\"https:\\\/\\\/xn--sueosdeunanovia-0qb.es\\\/#organization\",\"name\":\"Sue\u00f1os de una novia - Carmen Garc\u00eda\",\"url\":\"https:\\\/\\\/xn--sueosdeunanovia-0qb.es\\\/\",\"logo\":{\"@type\":\"ImageObject\",\"inLanguage\":\"en-GB\",\"@id\":\"https:\\\/\\\/xn--sueosdeunanovia-0qb.es\\\/#\\\/schema\\\/logo\\\/image\\\/\",\"url\":\"https:\\\/\\\/xn--sueosdeunanovia-0qb.es\\\/wp-content\\\/uploads\\\/2016\\\/05\\\/logo-suenos-novia-web.jpg\",\"contentUrl\":\"https:\\\/\\\/xn--sueosdeunanovia-0qb.es\\\/wp-content\\\/uploads\\\/2016\\\/05\\\/logo-suenos-novia-web.jpg\",\"width\":2361,\"height\":1347,\"caption\":\"Sue\u00f1os de una novia - Carmen Garc\u00eda\"},\"image\":{\"@id\":\"https:\\\/\\\/xn--sueosdeunanovia-0qb.es\\\/#\\\/schema\\\/logo\\\/image\\\/\"},\"sameAs\":[\"https:\\\/\\\/www.facebook.com\\\/Carmen-Garca-Sueos-de-una-Novia-103739948376295\",\"https:\\\/\\\/www.instagram.com\\\/carmengarciasuenosdeunanovia\"]}]}<\/script>\n<!-- \/ Yoast SEO plugin. -->","yoast_head_json":{"title":"Contacto - Sue\u00f1os de una novia - Carmen Garc\u00eda","robots":{"index":"index","follow":"follow","max-snippet":"max-snippet:-1","max-image-preview":"max-image-preview:large","max-video-preview":"max-video-preview:-1"},"canonical":"https:\/\/xn--sueosdeunanovia-0qb.es\/en\/contacto\/","og_locale":"en_GB","og_type":"article","og_title":"Contacto - Sue\u00f1os de una novia - Carmen Garc\u00eda","og_url":"https:\/\/xn--sueosdeunanovia-0qb.es\/en\/contacto\/","og_site_name":"Sue\u00f1os de una novia - Carmen Garc\u00eda","article_publisher":"https:\/\/www.facebook.com\/Carmen-Garca-Sueos-de-una-Novia-103739948376295","article_modified_time":"2026-01-18T03:02:29+00:00","twitter_card":"summary_large_image","twitter_misc":{"Estimated reading time":"2 minutes"},"schema":{"@context":"https:\/\/schema.org","@graph":[{"@type":"WebPage","@id":"https:\/\/xn--sueosdeunanovia-0qb.es\/contacto","url":"https:\/\/xn--sueosdeunanovia-0qb.es\/contacto","name":"Contacto - Sue\u00f1os de una novia - Carmen Garc\u00eda","isPartOf":{"@id":"https:\/\/xn--sueosdeunanovia-0qb.es\/#website"},"datePublished":"2016-04-27T09:36:29+00:00","dateModified":"2026-01-18T03:02:29+00:00","breadcrumb":{"@id":"https:\/\/xn--sueosdeunanovia-0qb.es\/contacto#breadcrumb"},"inLanguage":"en-GB","potentialAction":[{"@type":"ReadAction","target":["https:\/\/xn--sueosdeunanovia-0qb.es\/contacto"]}]},{"@type":"BreadcrumbList","@id":"https:\/\/xn--sueosdeunanovia-0qb.es\/contacto#breadcrumb","itemListElement":[{"@type":"ListItem","position":1,"name":"Portada","item":"https:\/\/xn--sueosdeunanovia-0qb.es\/"},{"@type":"ListItem","position":2,"name":"Contacto"}]},{"@type":"WebSite","@id":"https:\/\/xn--sueosdeunanovia-0qb.es\/#website","url":"https:\/\/xn--sueosdeunanovia-0qb.es\/","name":"Sue\u00f1os de una novia - Carmen Garc\u00eda","description":"Tu tienda de trajes de novia, fiesta, comuni\u00f3n en la zona sierra Oeste de Madrid","publisher":{"@id":"https:\/\/xn--sueosdeunanovia-0qb.es\/#organization"},"potentialAction":[{"@type":"SearchAction","target":{"@type":"EntryPoint","urlTemplate":"https:\/\/xn--sueosdeunanovia-0qb.es\/?s={search_term_string}"},"query-input":{"@type":"PropertyValueSpecification","valueRequired":true,"valueName":"search_term_string"}}],"inLanguage":"en-GB"},{"@type":"Organization","@id":"https:\/\/xn--sueosdeunanovia-0qb.es\/#organization","name":"Sue\u00f1os de una novia - Carmen Garc\u00eda","url":"https:\/\/xn--sueosdeunanovia-0qb.es\/","logo":{"@type":"ImageObject","inLanguage":"en-GB","@id":"https:\/\/xn--sueosdeunanovia-0qb.es\/#\/schema\/logo\/image\/","url":"https:\/\/xn--sueosdeunanovia-0qb.es\/wp-content\/uploads\/2016\/05\/logo-suenos-novia-web.jpg","contentUrl":"https:\/\/xn--sueosdeunanovia-0qb.es\/wp-content\/uploads\/2016\/05\/logo-suenos-novia-web.jpg","width":2361,"height":1347,"caption":"Sue\u00f1os de una novia - Carmen Garc\u00eda"},"image":{"@id":"https:\/\/xn--sueosdeunanovia-0qb.es\/#\/schema\/logo\/image\/"},"sameAs":["https:\/\/www.facebook.com\/Carmen-Garca-Sueos-de-una-Novia-103739948376295","https:\/\/www.instagram.com\/carmengarciasuenosdeunanovia"]}]}},"_links":{"self":[{"href":"https:\/\/xn--sueosdeunanovia-0qb.es\/en\/wp-json\/wp\/v2\/pages\/175","targetHints":{"allow":["GET"]}}],"collection":[{"href":"https:\/\/xn--sueosdeunanovia-0qb.es\/en\/wp-json\/wp\/v2\/pages"}],"about":[{"href":"https:\/\/xn--sueosdeunanovia-0qb.es\/en\/wp-json\/wp\/v2\/types\/page"}],"author":[{"embeddable":true,"href":"https:\/\/xn--sueosdeunanovia-0qb.es\/en\/wp-json\/wp\/v2\/users\/2"}],"replies":[{"embeddable":true,"href":"https:\/\/xn--sueosdeunanovia-0qb.es\/en\/wp-json\/wp\/v2\/comments?post=175"}],"version-history":[{"count":13,"href":"https:\/\/xn--sueosdeunanovia-0qb.es\/en\/wp-json\/wp\/v2\/pages\/175\/revisions"}],"predecessor-version":[{"id":7887,"href":"https:\/\/xn--sueosdeunanovia-0qb.es\/en\/wp-json\/wp\/v2\/pages\/175\/revisions\/7887"}],"wp:attachment":[{"href":"https:\/\/xn--sueosdeunanovia-0qb.es\/en\/wp-json\/wp\/v2\/media?parent=175"}],"curies":[{"name":"wp","href":"https:\/\/api.w.org\/{rel}","templated":true}]}}