{"id":5103,"date":"2021-02-01T20:21:04","date_gmt":"2021-02-01T19:21:04","guid":{"rendered":"https:\/\/xn--sueosdeunanovia-0qb.es\/producto\/import-placeholder-for-1076"},"modified":"2025-07-17T16:49:23","modified_gmt":"2025-07-17T14:49:23","slug":"4g148","status":"publish","type":"product","link":"https:\/\/xn--sueosdeunanovia-0qb.es\/en\/product\/4g148","title":{"rendered":"4G148"},"content":{"rendered":"","protected":false},"excerpt":{"rendered":"","protected":false},"featured_media":5116,"template":"","meta":[],"etheme_brands":[{"term_id":90,"name":"Couture Club","slug":"couture-club","term_group":0,"term_taxonomy_id":90,"taxonomy":"brand","description":"","parent":0,"count":7,"filter":"raw"}],"product_brand":[],"product_cat":[89],"product_tag":[125],"class_list":{"0":"post-5103","1":"product","2":"type-product","3":"status-publish","4":"has-post-thumbnail","6":"brand-couture-club","7":"product_cat-vestidos-de-fiesta","8":"product_tag-temporada-2021-2022","10":"first","11":"instock","12":"shipping-taxable","13":"product-type-simple"},"yoast_head":"<!-- This site is optimized with the Yoast SEO plugin v27.4 - https:\/\/yoast.com\/product\/yoast-seo-wordpress\/ -->\n<title>Couture Club 4G148 - Vestidos de fiesta - Sue\u00f1os de una novia - Carmen Garc\u00eda<\/title>\n<meta name=\"robots\" content=\"index, follow, max-snippet:-1, max-image-preview:large, max-video-preview:-1\" \/>\n<link rel=\"canonical\" href=\"https:\/\/xn--sueosdeunanovia-0qb.es\/en\/product\/4g148\/\" \/>\n<meta property=\"og:locale\" content=\"en_GB\" \/>\n<meta property=\"og:type\" content=\"article\" \/>\n<meta property=\"og:title\" content=\"Couture Club 4G148 - Vestidos de fiesta - Sue\u00f1os de una novia - Carmen Garc\u00eda\" \/>\n<meta property=\"og:url\" content=\"https:\/\/xn--sueosdeunanovia-0qb.es\/en\/product\/4g148\/\" \/>\n<meta property=\"og:site_name\" content=\"Sue\u00f1os de una novia - Carmen Garc\u00eda\" \/>\n<meta property=\"article:publisher\" content=\"https:\/\/www.facebook.com\/Carmen-Garca-Sueos-de-una-Novia-103739948376295\" \/>\n<meta property=\"article:modified_time\" content=\"2025-07-17T14:49:23+00:00\" \/>\n<meta property=\"og:image\" content=\"https:\/\/xn--sueosdeunanovia-0qb.es\/wp-content\/uploads\/2021\/02\/2020_4G148_COUTURE_CLUB_1.jpg\" \/>\n\t<meta property=\"og:image:width\" content=\"1536\" \/>\n\t<meta property=\"og:image:height\" content=\"1920\" \/>\n\t<meta property=\"og:image:type\" content=\"image\/jpeg\" \/>\n<meta name=\"twitter:card\" content=\"summary_large_image\" \/>\n<meta name=\"twitter:label1\" content=\"Estimated reading time\" \/>\n\t<meta name=\"twitter:data1\" content=\"1 minute\" \/>\n<script type=\"application\/ld+json\" class=\"yoast-schema-graph\">{\"@context\":\"https:\\\/\\\/schema.org\",\"@graph\":[{\"@type\":\"WebPage\",\"@id\":\"https:\\\/\\\/xn--sueosdeunanovia-0qb.es\\\/producto\\\/4g148\",\"url\":\"https:\\\/\\\/xn--sueosdeunanovia-0qb.es\\\/producto\\\/4g148\",\"name\":\"Couture Club 4G148 - Vestidos de fiesta - Sue\u00f1os de una novia - Carmen Garc\u00eda\",\"isPartOf\":{\"@id\":\"https:\\\/\\\/xn--sueosdeunanovia-0qb.es\\\/#website\"},\"primaryImageOfPage\":{\"@id\":\"https:\\\/\\\/xn--sueosdeunanovia-0qb.es\\\/producto\\\/4g148#primaryimage\"},\"image\":{\"@id\":\"https:\\\/\\\/xn--sueosdeunanovia-0qb.es\\\/producto\\\/4g148#primaryimage\"},\"thumbnailUrl\":\"https:\\\/\\\/xn--sueosdeunanovia-0qb.es\\\/wp-content\\\/uploads\\\/2021\\\/02\\\/2020_4G148_COUTURE_CLUB_1.jpg\",\"datePublished\":\"2021-02-01T19:21:04+00:00\",\"dateModified\":\"2025-07-17T14:49:23+00:00\",\"breadcrumb\":{\"@id\":\"https:\\\/\\\/xn--sueosdeunanovia-0qb.es\\\/producto\\\/4g148#breadcrumb\"},\"inLanguage\":\"en-GB\",\"potentialAction\":[{\"@type\":\"ReadAction\",\"target\":[\"https:\\\/\\\/xn--sueosdeunanovia-0qb.es\\\/producto\\\/4g148\"]}]},{\"@type\":\"ImageObject\",\"inLanguage\":\"en-GB\",\"@id\":\"https:\\\/\\\/xn--sueosdeunanovia-0qb.es\\\/producto\\\/4g148#primaryimage\",\"url\":\"https:\\\/\\\/xn--sueosdeunanovia-0qb.es\\\/wp-content\\\/uploads\\\/2021\\\/02\\\/2020_4G148_COUTURE_CLUB_1.jpg\",\"contentUrl\":\"https:\\\/\\\/xn--sueosdeunanovia-0qb.es\\\/wp-content\\\/uploads\\\/2021\\\/02\\\/2020_4G148_COUTURE_CLUB_1.jpg\",\"width\":1536,\"height\":1920},{\"@type\":\"BreadcrumbList\",\"@id\":\"https:\\\/\\\/xn--sueosdeunanovia-0qb.es\\\/producto\\\/4g148#breadcrumb\",\"itemListElement\":[{\"@type\":\"ListItem\",\"position\":1,\"name\":\"Portada\",\"item\":\"https:\\\/\\\/xn--sueosdeunanovia-0qb.es\\\/\"},{\"@type\":\"ListItem\",\"position\":2,\"name\":\"Tienda\",\"item\":\"https:\\\/\\\/xn--sueosdeunanovia-0qb.es\\\/tienda\"},{\"@type\":\"ListItem\",\"position\":3,\"name\":\"4G148\"}]},{\"@type\":\"WebSite\",\"@id\":\"https:\\\/\\\/xn--sueosdeunanovia-0qb.es\\\/#website\",\"url\":\"https:\\\/\\\/xn--sueosdeunanovia-0qb.es\\\/\",\"name\":\"Sue\u00f1os de una novia - Carmen Garc\u00eda\",\"description\":\"Tu tienda de trajes de novia, fiesta, comuni\u00f3n en la zona sierra Oeste de Madrid\",\"publisher\":{\"@id\":\"https:\\\/\\\/xn--sueosdeunanovia-0qb.es\\\/#organization\"},\"potentialAction\":[{\"@type\":\"SearchAction\",\"target\":{\"@type\":\"EntryPoint\",\"urlTemplate\":\"https:\\\/\\\/xn--sueosdeunanovia-0qb.es\\\/?s={search_term_string}\"},\"query-input\":{\"@type\":\"PropertyValueSpecification\",\"valueRequired\":true,\"valueName\":\"search_term_string\"}}],\"inLanguage\":\"en-GB\"},{\"@type\":\"Organization\",\"@id\":\"https:\\\/\\\/xn--sueosdeunanovia-0qb.es\\\/#organization\",\"name\":\"Sue\u00f1os de una novia - Carmen Garc\u00eda\",\"url\":\"https:\\\/\\\/xn--sueosdeunanovia-0qb.es\\\/\",\"logo\":{\"@type\":\"ImageObject\",\"inLanguage\":\"en-GB\",\"@id\":\"https:\\\/\\\/xn--sueosdeunanovia-0qb.es\\\/#\\\/schema\\\/logo\\\/image\\\/\",\"url\":\"https:\\\/\\\/xn--sueosdeunanovia-0qb.es\\\/wp-content\\\/uploads\\\/2016\\\/05\\\/logo-suenos-novia-web.jpg\",\"contentUrl\":\"https:\\\/\\\/xn--sueosdeunanovia-0qb.es\\\/wp-content\\\/uploads\\\/2016\\\/05\\\/logo-suenos-novia-web.jpg\",\"width\":2361,\"height\":1347,\"caption\":\"Sue\u00f1os de una novia - Carmen Garc\u00eda\"},\"image\":{\"@id\":\"https:\\\/\\\/xn--sueosdeunanovia-0qb.es\\\/#\\\/schema\\\/logo\\\/image\\\/\"},\"sameAs\":[\"https:\\\/\\\/www.facebook.com\\\/Carmen-Garca-Sueos-de-una-Novia-103739948376295\",\"https:\\\/\\\/www.instagram.com\\\/carmengarciasuenosdeunanovia\"]}]}<\/script>\n<!-- \/ Yoast SEO plugin. -->","yoast_head_json":{"title":"Couture Club 4G148 - Vestidos de fiesta - Sue\u00f1os de una novia - Carmen Garc\u00eda","robots":{"index":"index","follow":"follow","max-snippet":"max-snippet:-1","max-image-preview":"max-image-preview:large","max-video-preview":"max-video-preview:-1"},"canonical":"https:\/\/xn--sueosdeunanovia-0qb.es\/en\/product\/4g148\/","og_locale":"en_GB","og_type":"article","og_title":"Couture Club 4G148 - Vestidos de fiesta - Sue\u00f1os de una novia - Carmen Garc\u00eda","og_url":"https:\/\/xn--sueosdeunanovia-0qb.es\/en\/product\/4g148\/","og_site_name":"Sue\u00f1os de una novia - Carmen Garc\u00eda","article_publisher":"https:\/\/www.facebook.com\/Carmen-Garca-Sueos-de-una-Novia-103739948376295","article_modified_time":"2025-07-17T14:49:23+00:00","og_image":[{"width":1536,"height":1920,"url":"https:\/\/xn--sueosdeunanovia-0qb.es\/wp-content\/uploads\/2021\/02\/2020_4G148_COUTURE_CLUB_1.jpg","type":"image\/jpeg"}],"twitter_card":"summary_large_image","twitter_misc":{"Estimated reading time":"1 minute"},"schema":{"@context":"https:\/\/schema.org","@graph":[{"@type":"WebPage","@id":"https:\/\/xn--sueosdeunanovia-0qb.es\/producto\/4g148","url":"https:\/\/xn--sueosdeunanovia-0qb.es\/producto\/4g148","name":"Couture Club 4G148 - Vestidos de fiesta - Sue\u00f1os de una novia - Carmen Garc\u00eda","isPartOf":{"@id":"https:\/\/xn--sueosdeunanovia-0qb.es\/#website"},"primaryImageOfPage":{"@id":"https:\/\/xn--sueosdeunanovia-0qb.es\/producto\/4g148#primaryimage"},"image":{"@id":"https:\/\/xn--sueosdeunanovia-0qb.es\/producto\/4g148#primaryimage"},"thumbnailUrl":"https:\/\/xn--sueosdeunanovia-0qb.es\/wp-content\/uploads\/2021\/02\/2020_4G148_COUTURE_CLUB_1.jpg","datePublished":"2021-02-01T19:21:04+00:00","dateModified":"2025-07-17T14:49:23+00:00","breadcrumb":{"@id":"https:\/\/xn--sueosdeunanovia-0qb.es\/producto\/4g148#breadcrumb"},"inLanguage":"en-GB","potentialAction":[{"@type":"ReadAction","target":["https:\/\/xn--sueosdeunanovia-0qb.es\/producto\/4g148"]}]},{"@type":"ImageObject","inLanguage":"en-GB","@id":"https:\/\/xn--sueosdeunanovia-0qb.es\/producto\/4g148#primaryimage","url":"https:\/\/xn--sueosdeunanovia-0qb.es\/wp-content\/uploads\/2021\/02\/2020_4G148_COUTURE_CLUB_1.jpg","contentUrl":"https:\/\/xn--sueosdeunanovia-0qb.es\/wp-content\/uploads\/2021\/02\/2020_4G148_COUTURE_CLUB_1.jpg","width":1536,"height":1920},{"@type":"BreadcrumbList","@id":"https:\/\/xn--sueosdeunanovia-0qb.es\/producto\/4g148#breadcrumb","itemListElement":[{"@type":"ListItem","position":1,"name":"Portada","item":"https:\/\/xn--sueosdeunanovia-0qb.es\/"},{"@type":"ListItem","position":2,"name":"Tienda","item":"https:\/\/xn--sueosdeunanovia-0qb.es\/tienda"},{"@type":"ListItem","position":3,"name":"4G148"}]},{"@type":"WebSite","@id":"https:\/\/xn--sueosdeunanovia-0qb.es\/#website","url":"https:\/\/xn--sueosdeunanovia-0qb.es\/","name":"Sue\u00f1os de una novia - Carmen Garc\u00eda","description":"Tu tienda de trajes de novia, fiesta, comuni\u00f3n en la zona sierra Oeste de Madrid","publisher":{"@id":"https:\/\/xn--sueosdeunanovia-0qb.es\/#organization"},"potentialAction":[{"@type":"SearchAction","target":{"@type":"EntryPoint","urlTemplate":"https:\/\/xn--sueosdeunanovia-0qb.es\/?s={search_term_string}"},"query-input":{"@type":"PropertyValueSpecification","valueRequired":true,"valueName":"search_term_string"}}],"inLanguage":"en-GB"},{"@type":"Organization","@id":"https:\/\/xn--sueosdeunanovia-0qb.es\/#organization","name":"Sue\u00f1os de una novia - Carmen Garc\u00eda","url":"https:\/\/xn--sueosdeunanovia-0qb.es\/","logo":{"@type":"ImageObject","inLanguage":"en-GB","@id":"https:\/\/xn--sueosdeunanovia-0qb.es\/#\/schema\/logo\/image\/","url":"https:\/\/xn--sueosdeunanovia-0qb.es\/wp-content\/uploads\/2016\/05\/logo-suenos-novia-web.jpg","contentUrl":"https:\/\/xn--sueosdeunanovia-0qb.es\/wp-content\/uploads\/2016\/05\/logo-suenos-novia-web.jpg","width":2361,"height":1347,"caption":"Sue\u00f1os de una novia - Carmen Garc\u00eda"},"image":{"@id":"https:\/\/xn--sueosdeunanovia-0qb.es\/#\/schema\/logo\/image\/"},"sameAs":["https:\/\/www.facebook.com\/Carmen-Garca-Sueos-de-una-Novia-103739948376295","https:\/\/www.instagram.com\/carmengarciasuenosdeunanovia"]}]}},"_links":{"self":[{"href":"https:\/\/xn--sueosdeunanovia-0qb.es\/en\/wp-json\/wp\/v2\/product\/5103","targetHints":{"allow":["GET"]}}],"collection":[{"href":"https:\/\/xn--sueosdeunanovia-0qb.es\/en\/wp-json\/wp\/v2\/product"}],"about":[{"href":"https:\/\/xn--sueosdeunanovia-0qb.es\/en\/wp-json\/wp\/v2\/types\/product"}],"wp:featuredmedia":[{"embeddable":true,"href":"https:\/\/xn--sueosdeunanovia-0qb.es\/en\/wp-json\/wp\/v2\/media\/5116"}],"wp:attachment":[{"href":"https:\/\/xn--sueosdeunanovia-0qb.es\/en\/wp-json\/wp\/v2\/media?parent=5103"}],"wp:term":[{"taxonomy":"brand","embeddable":true,"href":"https:\/\/xn--sueosdeunanovia-0qb.es\/en\/wp-json\/wp\/v2\/etheme_brands?post=5103"},{"taxonomy":"product_brand","embeddable":true,"href":"https:\/\/xn--sueosdeunanovia-0qb.es\/en\/wp-json\/wp\/v2\/product_brand?post=5103"},{"taxonomy":"product_cat","embeddable":true,"href":"https:\/\/xn--sueosdeunanovia-0qb.es\/en\/wp-json\/wp\/v2\/product_cat?post=5103"},{"taxonomy":"product_tag","embeddable":true,"href":"https:\/\/xn--sueosdeunanovia-0qb.es\/en\/wp-json\/wp\/v2\/product_tag?post=5103"}],"curies":[{"name":"wp","href":"https:\/\/api.w.org\/{rel}","templated":true}]}}